{"id":1103,"date":"2023-06-03T20:14:58","date_gmt":"2023-06-03T19:14:58","guid":{"rendered":"https:\/\/event.coalicionddhh.com\/?page_id=1103"},"modified":"2023-09-11T19:25:49","modified_gmt":"2023-09-11T18:25:49","slug":"instrucciones-de-pago","status":"publish","type":"page","link":"https:\/\/event.coalicionddhh.com\/index.php\/instrucciones-de-pago\/","title":{"rendered":"INSTRUCCIONES DE PAGO"},"content":{"rendered":"<p><a href=\"https:\/\/event.coalicionddhh.com\/\" role=\"button\"><br \/>\n\t\t\t\t\t\tVolver a Inicio<br \/>\n\t\t\t\t\t<\/a><\/p>\n<style>\/*! elementor - v3.13.3 - 28-05-2023 *\/\n.elementor-heading-title{padding:0;margin:0;line-height:1}.elementor-widget-heading .elementor-heading-title[class*=elementor-size-]>a{color:inherit;font-size:inherit;line-height:inherit}.elementor-widget-heading .elementor-heading-title.elementor-size-small{font-size:15px}.elementor-widget-heading .elementor-heading-title.elementor-size-medium{font-size:19px}.elementor-widget-heading .elementor-heading-title.elementor-size-large{font-size:29px}.elementor-widget-heading .elementor-heading-title.elementor-size-xl{font-size:39px}.elementor-widget-heading .elementor-heading-title.elementor-size-xxl{font-size:59px}<\/style>\n<h3>GU\u00cdA DE INSCRIPCI\u00d3N Y PAGO AL EVENTO<\/h3>\n<p style=\"font-size: 21px; font-style: normal; font-weight: 400;\">A continuaci\u00f3n, encontrar\u00e1 de manera detallada el proceso para inscripci\u00f3n al I ENCUENTRO DE LAS AM\u00c9RICAS\u00a0<i>POR UN MUNDO LIBRE<\/i>.<\/p>\n<p><strong>GESTI\u00d3N DE PASAJES Y VUELOS<\/strong><br \/>Si necesitas apoyo con la compra de tu pasaje, puedes cotizar con nuestro equipo experto en viajes a\u00e9reos escribiendo al siguiente <em><strong><a href=\"https:\/\/api.whatsapp.com\/send?phone=59167806101\" target=\"_blank\" rel=\"noopener\">WHATSAPP<\/a><\/strong><\/em><\/p>\n<p style=\"font-size: 21px; font-style: normal;\">El primer paso es completar el <b>formulario de registro<\/b><\/p>\n<p>\t\t\t<iframe loading=\"lazy\" src=\"https:\/\/docs.google.com\/forms\/d\/e\/1FAIpQLSft32pOiAUO95DsbNCMT2R8KSoJgSUz5XwIeleuYpNeKtP24Q\/viewform?embedded=true\" width=\"640\" height=\"3473\" frameborder=\"0\" marginheight=\"0\" marginwidth=\"0\">Cargando\u2026<\/iframe><br \/>\n\t\t\t[contact-form-7 id=&#8221;2352&#8243; title=&#8221;Formulario Evento Mexico Esp_copy&#8221;]\t\t<\/p>\n<p>El segundo paso es adquirir tu <b>TICKET<\/b>. Tenemos la opci\u00f3n de que puedas pagar todo el evento en cuotas o efectuar un solo pago.<\/p>\n<p style=\"text-align: center;\"><button id=\"eventbrite-widget-modal-trigger-646318093817\" type=\"button\">PAGO CON TARJETA DE CR\u00c9DITO\/D\u00c9BITO O PAYPAL<\/button><\/p>\n<\/p>\n<p style=\"margin-left: 18.0pt;\"><strong>COSTO TOTAL DE REGISTRO AL ENCUENTRO<\/strong>: $290 USD (Incluye Almuerzo en el Seminario Metamorfosis) <\/p>\n<p>Nuestro deseo es que puedas participar en este Encuentro, por esto hemos cambiado la opci\u00f3n de Pago en 3 Cuotas. Ahora, tienes la oportunidad de comunicarte con nosotros a trav\u00e9s de nuestro Whatsapp y proponer cu\u00e1ndo realizar\u00e1s el pago de las 3 Cuotas y el Almuerzo (Opcional) de acuerdo con tu presupuesto*.<\/p>\n<p><em>*En todo caso, la fecha m\u00e1xima para pagar el total de las 3 Cuotas es hasta el 20 de Septiembre. <\/em><br \/><em>*Los valores no incluyen hospedaje. En la secci\u00f3n de Hoteles del men\u00fa en la p\u00e1gina de inicio, encontrar\u00e1 la informaci\u00f3n sobre las opciones para hacer reserva en el hotel de su preferencia. *Los valores solo incluyen Cena de Martes a Viernes.<\/em><\/p>\n<h3 style=\"text-align: center;\"><strong>OTROS MEDIOS DE PAGO<\/strong><\/h3>\n<\/p>\n<p><strong><a style=\"color: #003366; text-decoration: underline;\" href=\"#mexico\">PAGO POR TRANSFERENCIA\/DEP\u00d3SITO EN M\u00c9XICO<\/a><br \/><\/strong><\/p>\n<p><a href=\"#colombia\"><strong>PAGO EN COLOMBIA<\/strong><\/a><\/p>\n<h2>.<\/h2>\n<p><b>PAGO POR TRANSFERENCIA\/DEP\u00d3SITO EN M\u00c9XICO<\/b><\/p>\n<p>Realizar dep\u00f3sito o transferencia a la siguiente cuenta en M\u00e9xico:<br \/><b>Titular:<\/b> Francisco Javier L\u00f3pez Osuna<br \/><b>Cuenta INBURSA:<\/b> 50031084125<br \/><b>CLABE:<\/b> 036320500310841255<br \/><b>No. De Tarjera:<\/b> 4658 2851 0216 9053<\/p>\n<p><strong>COSTO TOTAL DE REGISTRO AL ENCUENTRO<\/strong>: $5.000 Pesos mexicanos (Incluye Almuerzo en el Seminario Metamorfosis)<\/p>\n<p>Nuestro deseo es que puedas participar en este Encuentro, por esto hemos cambiado la opci\u00f3n de Pago en 3 Cuotas. Ahora, tienes la oportunidad de comunicarte con nosotros a trav\u00e9s de nuestro Whatsapp y proponer cu\u00e1ndo realizar\u00e1s el pago de las 3 Cuotas de acuerdo con tu presupuesto*.<\/p>\n<p><em>*En todo caso, la fecha m\u00e1xima para pagar el total de las 3 Cuotas es hasta el 20 de Septiembre.<\/em><br \/><em>*Los valores no incluyen hospedaje. En la secci\u00f3n de Hoteles del men\u00fa en la p\u00e1gina de inicio, encontrar\u00e1 la informaci\u00f3n sobre las opciones para hacer reserva en el hotel de su preferencia.<br \/>*Los valores solo incluyen Cena de Martes a Viernes.<\/em><\/p>\n<h2 id=\"colombia\">.<\/h2>\n<p><b>PAGO EN COLOMBIA<\/b><br \/>\nRealizar consignaci\u00f3n o transferencia a la siguiente cuenta:<br \/>\n<b>N\u00famero NEQUI:<\/b> 3052340556<br \/>\n<strong>COSTO TOTAL DE REGISTRO AL ENCUENTRO<\/strong>: $1.300.000 Pesos colombianos (Incluye Almuerzo en el Seminario Metamorfosis)<br \/>\nNuestro deseo es que puedas participar en este Encuentro, por esto hemos cambiado la opci\u00f3n de Pago en 3 Cuotas. Ahora, tienes la oportunidad de comunicarte con nosotros a trav\u00e9s de nuestro Whatsapp y proponer cu\u00e1ndo realizar\u00e1s el pago de las 3 Cuotas de acuerdo con tu presupuesto*.<br \/>\n<em>*En todo caso, la fecha m\u00e1xima para pagar el total de las 3 Cuotas es hasta el 20\u00a0de\u00a0Septiembre. <\/em><br \/>\n<em>*Los valores no incluyen hospedaje. En la secci\u00f3n de Hoteles del men\u00fa en la p\u00e1gina de inicio, encontrar\u00e1 la informaci\u00f3n sobre las opciones para hacer reserva en el hotel de su preferencia.<br \/>\n*Los valores incluyen Cena de Martes\u00a0a\u00a0Viernes.<\/em>\t\t<\/p>\n<h2>Para mayor informaci\u00f3n sobre pagos en general y opciones de pagos en otros pa\u00edses no dude en contactarnos. <\/h2>\n<style>\/*! elementor - v3.13.3 - 28-05-2023 *\/\n.elementor-column .elementor-spacer-inner{height:var(--spacer-size)}.e-con{--container-widget-width:100%}.e-con-inner>.elementor-widget-spacer,.e-con>.elementor-widget-spacer{width:var(--container-widget-width,var(--spacer-size));--align-self:var(--container-widget-align-self,initial);--flex-shrink:0}.e-con-inner>.elementor-widget-spacer>.elementor-widget-container,.e-con-inner>.elementor-widget-spacer>.elementor-widget-container>.elementor-spacer,.e-con>.elementor-widget-spacer>.elementor-widget-container,.e-con>.elementor-widget-spacer>.elementor-widget-container>.elementor-spacer{height:100%}.e-con-inner>.elementor-widget-spacer>.elementor-widget-container>.elementor-spacer>.elementor-spacer-inner,.e-con>.elementor-widget-spacer>.elementor-widget-container>.elementor-spacer>.elementor-spacer-inner{height:var(--container-widget-height,var(--spacer-size))}<\/style>\n<p>\t\t\t<a href=\"https:\/\/wa.link\/9lcfde\" target=\"_blank\" role=\"button\" rel=\"noopener\"><br \/>\n\t\t\t\t\t\tConsulta a WhatsApp<br \/>\n\t\t\t\t\t<\/a><\/p>\n","protected":false},"excerpt":{"rendered":"<p>Volver a Inicio GU\u00cdA DE INSCRIPCI\u00d3N Y PAGO AL EVENTO A continuaci\u00f3n, encontrar\u00e1 de manera detallada el proceso para inscripci\u00f3n al I ENCUENTRO DE LAS AM\u00c9RICAS\u00a0POR UN MUNDO LIBRE. GESTI\u00d3N DE PASAJES Y VUELOSSi necesitas apoyo con la compra de tu pasaje, puedes cotizar con nuestro equipo experto en viajes a\u00e9reos escribiendo al siguiente WHATSAPP &hellip;<\/p>\n<p class=\"read-more\"> <a class=\"\" href=\"https:\/\/event.coalicionddhh.com\/index.php\/instrucciones-de-pago\/\"> <span class=\"screen-reader-text\">INSTRUCCIONES DE PAGO<\/span> Read More &raquo;<\/a><\/p>\n","protected":false},"author":1,"featured_media":0,"parent":0,"menu_order":0,"comment_status":"closed","ping_status":"closed","template":"elementor_header_footer","meta":{"site-sidebar-layout":"no-sidebar","site-content-layout":"page-builder","ast-global-header-display":"disabled","ast-banner-title-visibility":"","ast-main-header-display":"disabled","ast-hfb-above-header-display":"","ast-hfb-below-header-display":"","ast-hfb-mobile-header-display":"","site-post-title":"disabled","ast-breadcrumbs-content":"","ast-featured-img":"disabled","footer-sml-layout":"","theme-transparent-header-meta":"enabled","adv-header-id-meta":"","stick-header-meta":"","header-above-stick-meta":"","header-main-stick-meta":"","header-below-stick-meta":""},"_links":{"self":[{"href":"https:\/\/event.coalicionddhh.com\/index.php\/wp-json\/wp\/v2\/pages\/1103"}],"collection":[{"href":"https:\/\/event.coalicionddhh.com\/index.php\/wp-json\/wp\/v2\/pages"}],"about":[{"href":"https:\/\/event.coalicionddhh.com\/index.php\/wp-json\/wp\/v2\/types\/page"}],"author":[{"embeddable":true,"href":"https:\/\/event.coalicionddhh.com\/index.php\/wp-json\/wp\/v2\/users\/1"}],"replies":[{"embeddable":true,"href":"https:\/\/event.coalicionddhh.com\/index.php\/wp-json\/wp\/v2\/comments?post=1103"}],"version-history":[{"count":255,"href":"https:\/\/event.coalicionddhh.com\/index.php\/wp-json\/wp\/v2\/pages\/1103\/revisions"}],"predecessor-version":[{"id":3012,"href":"https:\/\/event.coalicionddhh.com\/index.php\/wp-json\/wp\/v2\/pages\/1103\/revisions\/3012"}],"wp:attachment":[{"href":"https:\/\/event.coalicionddhh.com\/index.php\/wp-json\/wp\/v2\/media?parent=1103"}],"curies":[{"name":"wp","href":"https:\/\/api.w.org\/{rel}","templated":true}]}}